{"id":1761,"date":"2020-11-02T17:04:26","date_gmt":"2020-11-02T15:04:26","guid":{"rendered":"http:\/\/landing.mutua-enginyers.com\/?page_id=1761"},"modified":"2024-10-10T15:10:37","modified_gmt":"2024-10-10T13:10:37","slug":"informacion-sobre-proteccion-de-datos","status":"publish","type":"page","link":"https:\/\/landing.mutua-enginyers.com\/index.php\/informacion-sobre-proteccion-de-datos\/","title":{"rendered":"INFORMACI\u00d3N SOBRE PROTECCI\u00d3N DE DATOS"},"content":{"rendered":"\t\t<div data-elementor-type=\"wp-page\" data-elementor-id=\"1761\" class=\"elementor elementor-1761\" data-elementor-post-type=\"page\">\n\t\t\t\t\t\t<section class=\"elementor-section elementor-top-section elementor-element elementor-element-517d6fc elementor-section-boxed elementor-section-height-default elementor-section-height-default\" data-id=\"517d6fc\" data-element_type=\"section\" data-e-type=\"section\" data-settings=\"{&quot;background_background&quot;:&quot;classic&quot;}\">\n\t\t\t\t\t\t<div class=\"elementor-container elementor-column-gap-default\">\n\t\t\t\t\t<div class=\"elementor-column elementor-col-100 elementor-top-column elementor-element elementor-element-dd4f6c4\" data-id=\"dd4f6c4\" data-element_type=\"column\" data-e-type=\"column\">\n\t\t\t<div class=\"elementor-widget-wrap elementor-element-populated\">\n\t\t\t\t\t\t<div class=\"elementor-element elementor-element-bdb1306 elementor-widget elementor-widget-heading\" data-id=\"bdb1306\" data-element_type=\"widget\" data-e-type=\"widget\" data-widget_type=\"heading.default\">\n\t\t\t\t<div class=\"elementor-widget-container\">\n\t\t\t\t\t<h2 class=\"elementor-heading-title elementor-size-default\">INFORMACI\u00d3N SOBRE PROTECCI\u00d3N DE DATOS<\/h2>\t\t\t\t<\/div>\n\t\t\t\t<\/div>\n\t\t\t\t\t<\/div>\n\t\t<\/div>\n\t\t\t\t\t<\/div>\n\t\t<\/section>\n\t\t\t\t<section class=\"elementor-section elementor-top-section elementor-element elementor-element-c142b89 elementor-section-boxed elementor-section-height-default elementor-section-height-default\" data-id=\"c142b89\" data-element_type=\"section\" data-e-type=\"section\" data-settings=\"{&quot;background_background&quot;:&quot;classic&quot;}\">\n\t\t\t\t\t\t<div class=\"elementor-container elementor-column-gap-default\">\n\t\t\t\t\t<div class=\"elementor-column elementor-col-100 elementor-top-column elementor-element elementor-element-b93620a\" data-id=\"b93620a\" data-element_type=\"column\" data-e-type=\"column\">\n\t\t\t<div class=\"elementor-widget-wrap elementor-element-populated\">\n\t\t\t\t\t\t<div class=\"elementor-element elementor-element-72db781 elementor-widget elementor-widget-text-editor\" data-id=\"72db781\" data-element_type=\"widget\" data-e-type=\"widget\" data-widget_type=\"text-editor.default\">\n\t\t\t\t<div class=\"elementor-widget-container\">\n\t\t\t\t\t\t\t\t\t<p><span style=\"color: #000000;\"><em>Por el hecho de solicitar esta beca, y con la aceptaci\u00f3n de esta cl\u00e1usula consientes que los datos personales que proporcionas en este formulario y en los archivos que adjuntes a la solicitud sean tratados por la Mutualidad de los Ingenieros, MPS (MUTUA DE LOS INGENIEROS) como responsable del tratamiento\u00a0 -con el fin de gestionar el procedimiento de concesi\u00f3n de las becas y, si procede, mantenerlo informado de los productos y servicios que puedan ser de su inter\u00e9s dentro del sector asegurador y financiero.<\/em><\/span><\/p><p><span style=\"color: #000000;\"><em>La legitimaci\u00f3n para tratar los datos se basa en la propia gesti\u00f3n de las solicitudes de beca y, si procede, en el consentimiento que nos prestes. Los destinatarios de los datos son empresas del Grupo La Mutua de los Ingenieros, incluyendo otros destinatarios necesarios para poder dar cumplimiento en nuestras obligaciones legales y a las finalidades se\u00f1aladas. No se contempla la transferencia internacional de datos.<\/em><\/span><\/p><p><span style=\"color: #000000;\"><em>Tienes derecho a acceder, rectificar y suprimir los datos, as\u00ed como otros derechos que se explican en m\u00e1s detalle en la informaci\u00f3n adicional que puedes encontrar a nuestra Pol\u00edtica de Protecci\u00f3n de Datos en nuestra <a href=\"https:\/\/www.mutua-enginyers.com\/es\/rgpd\/politica-de-privacidad\">p\u00e1gina web<\/a>\u00a0o pedir una copia en papel a cualquier de nuestras oficinas.<\/em><\/span><\/p><p><span style=\"color: #000000;\"><em>Por el hecho de formalizar la solicitud de esta beca y en el supuesto de que resultes finalista en la concesi\u00f3n de la misma, aceptas que La Mutua de los Ingenieros haga fotograf\u00edas y videos relativos a su concesi\u00f3n, y autorizas el uso de estas im\u00e1genes para su publicaci\u00f3n en webs, bloques, redes sociales, revistas y otras publicaciones que hagan referencia a este acontecimiento.<\/em><\/span><\/p>\t\t\t\t\t\t\t\t<\/div>\n\t\t\t\t<\/div>\n\t\t\t\t\t<\/div>\n\t\t<\/div>\n\t\t\t\t\t<\/div>\n\t\t<\/section>\n\t\t\t\t<section class=\"elementor-section elementor-top-section elementor-element elementor-element-dcc4c9e elementor-section-height-min-height elementor-section-content-middle elementor-section-boxed elementor-section-height-default elementor-section-items-middle\" data-id=\"dcc4c9e\" data-element_type=\"section\" data-e-type=\"section\" data-settings=\"{&quot;background_background&quot;:&quot;classic&quot;}\">\n\t\t\t\t\t\t<div class=\"elementor-container elementor-column-gap-default\">\n\t\t\t\t\t<div class=\"elementor-column elementor-col-66 elementor-top-column elementor-element elementor-element-5df1036\" data-id=\"5df1036\" data-element_type=\"column\" data-e-type=\"column\">\n\t\t\t<div class=\"elementor-widget-wrap elementor-element-populated\">\n\t\t\t\t\t\t<div class=\"elementor-element elementor-element-6f05a9d elementor-widget elementor-widget-text-editor\" data-id=\"6f05a9d\" data-element_type=\"widget\" data-e-type=\"widget\" data-widget_type=\"text-editor.default\">\n\t\t\t\t<div class=\"elementor-widget-container\">\n\t\t\t\t\t\t\t\t\t<p>Grup La M\u00fatua dels Enginyers &#8211; Via Laietana, 39 2n pis &#8211;&nbsp;Tel\u00e8fon: <b>93 295 43 00<\/b> WhatsApp:&nbsp;<span style=\"text-align: inherit;\"><b>602 250 068<\/b><span style=\"font-family: var( --e-global-typography-text-font-family ), Oxygen;\"><span style=\"font-weight: var( --e-global-typography-text-font-weight ); letter-spacing: -0.015em;\">. E-mail: <\/span><span style=\"letter-spacing: -0.015em;\"><b>csm@mutua-enginyers.com<\/b><\/span><\/span><\/span><\/p>\n<p><a style=\"font-size: inherit; text-align: inherit; font-family: var( --e-global-typography-text-font-family ), Oxygen; font-weight: var( --e-global-typography-text-font-weight ); letter-spacing: -0.015em; color: #ffffff;\" href=\"https:\/\/landing.mutua-enginyers.com\/index.php\/avis-legal\/\">Av\u00eds legal.<\/a><\/p>\t\t\t\t\t\t\t\t<\/div>\n\t\t\t\t<\/div>\n\t\t\t\t\t<\/div>\n\t\t<\/div>\n\t\t\t\t<div class=\"elementor-column elementor-col-33 elementor-top-column elementor-element elementor-element-e7207fa\" data-id=\"e7207fa\" data-element_type=\"column\" data-e-type=\"column\">\n\t\t\t<div class=\"elementor-widget-wrap elementor-element-populated\">\n\t\t\t\t\t\t<div class=\"elementor-element elementor-element-105ca53 e-grid-align-right e-grid-align-mobile-center elementor-shape-rounded elementor-grid-0 elementor-widget elementor-widget-social-icons\" data-id=\"105ca53\" data-element_type=\"widget\" data-e-type=\"widget\" data-widget_type=\"social-icons.default\">\n\t\t\t\t<div class=\"elementor-widget-container\">\n\t\t\t\t\t\t\t<div class=\"elementor-social-icons-wrapper elementor-grid\" role=\"list\">\n\t\t\t\t\t\t\t<span class=\"elementor-grid-item\" role=\"listitem\">\n\t\t\t\t\t<a class=\"elementor-icon elementor-social-icon elementor-social-icon-linkedin-in elementor-repeater-item-8c290c2\" href=\"https:\/\/www.linkedin.com\/company\/gruplamutuadelsenginyers\/\" target=\"_blank\" rel=\"noopener\">\n\t\t\t\t\t\t<span class=\"elementor-screen-only\">Linkedin-in<\/span>\n\t\t\t\t\t\t<i aria-hidden=\"true\" class=\"fab fa-linkedin-in\"><\/i>\t\t\t\t\t<\/a>\n\t\t\t\t<\/span>\n\t\t\t\t\t\t\t<span class=\"elementor-grid-item\" role=\"listitem\">\n\t\t\t\t\t<a class=\"elementor-icon elementor-social-icon elementor-social-icon- elementor-repeater-item-3be6523\" href=\"https:\/\/twitter.com\/MutuaEnginyers\" target=\"_blank\" rel=\"noopener\">\n\t\t\t\t\t\t<span class=\"elementor-screen-only\"><\/span>\n\t\t\t\t\t\t<svg xmlns=\"http:\/\/www.w3.org\/2000\/svg\" id=\"Capa_1\" viewBox=\"0 0 1226.37 1226.37\"><path d=\"m727.348 519.284 446.727-519.284h-105.86l-387.893 450.887-309.809-450.887h-357.328l468.492 681.821-468.492 544.549h105.866l409.625-476.152 327.181 476.152h357.328l-485.863-707.086zm-144.998 168.544-47.468-67.894-377.686-540.24h162.604l304.797 435.991 47.468 67.894 396.2 566.721h-162.604l-323.311-462.446z\"><\/path><g><\/g><g><\/g><g><\/g><g><\/g><g><\/g><g><\/g><g><\/g><g><\/g><g><\/g><g><\/g><g><\/g><g><\/g><g><\/g><g><\/g><g><\/g><\/svg>\t\t\t\t\t<\/a>\n\t\t\t\t<\/span>\n\t\t\t\t\t\t\t<span class=\"elementor-grid-item\" role=\"listitem\">\n\t\t\t\t\t<a class=\"elementor-icon elementor-social-icon elementor-social-icon-facebook-f elementor-repeater-item-993ef04\" href=\"https:\/\/www.facebook.com\/MutuaEnginyers\/\" target=\"_blank\" rel=\"noopener\">\n\t\t\t\t\t\t<span class=\"elementor-screen-only\">Facebook-f<\/span>\n\t\t\t\t\t\t<i aria-hidden=\"true\" class=\"fab fa-facebook-f\"><\/i>\t\t\t\t\t<\/a>\n\t\t\t\t<\/span>\n\t\t\t\t\t\t\t<span class=\"elementor-grid-item\" role=\"listitem\">\n\t\t\t\t\t<a class=\"elementor-icon elementor-social-icon elementor-social-icon-blog elementor-repeater-item-639a42a\" href=\"https:\/\/www.elblogdelaingenieria.com\/cat\/\" target=\"_blank\" rel=\"noopener\">\n\t\t\t\t\t\t<span class=\"elementor-screen-only\">Blog<\/span>\n\t\t\t\t\t\t<i aria-hidden=\"true\" class=\"fas fa-blog\"><\/i>\t\t\t\t\t<\/a>\n\t\t\t\t<\/span>\n\t\t\t\t\t<\/div>\n\t\t\t\t\t\t<\/div>\n\t\t\t\t<\/div>\n\t\t\t\t\t<\/div>\n\t\t<\/div>\n\t\t\t\t\t<\/div>\n\t\t<\/section>\n\t\t\t\t<\/div>\n\t\t","protected":false},"excerpt":{"rendered":"<p>INFORMACI\u00d3N SOBRE PROTECCI\u00d3N DE DATOS Por el hecho de solicitar esta beca, y con la aceptaci\u00f3n de esta cl\u00e1usula consientes que los datos personales que proporcionas en este formulario y en los archivos que adjuntes a la solicitud sean tratados por la Mutualidad de los Ingenieros, MPS (MUTUA DE LOS INGENIEROS) como responsable del tratamiento\u00a0 [&hellip;]<\/p>\n","protected":false},"author":4,"featured_media":0,"parent":0,"menu_order":0,"comment_status":"closed","ping_status":"closed","template":"elementor_canvas","meta":{"_joinchat":[],"footnotes":""},"class_list":["post-1761","page","type-page","status-publish","hentry"],"_links":{"self":[{"href":"https:\/\/landing.mutua-enginyers.com\/index.php\/wp-json\/wp\/v2\/pages\/1761","targetHints":{"allow":["GET"]}}],"collection":[{"href":"https:\/\/landing.mutua-enginyers.com\/index.php\/wp-json\/wp\/v2\/pages"}],"about":[{"href":"https:\/\/landing.mutua-enginyers.com\/index.php\/wp-json\/wp\/v2\/types\/page"}],"author":[{"embeddable":true,"href":"https:\/\/landing.mutua-enginyers.com\/index.php\/wp-json\/wp\/v2\/users\/4"}],"replies":[{"embeddable":true,"href":"https:\/\/landing.mutua-enginyers.com\/index.php\/wp-json\/wp\/v2\/comments?post=1761"}],"version-history":[{"count":19,"href":"https:\/\/landing.mutua-enginyers.com\/index.php\/wp-json\/wp\/v2\/pages\/1761\/revisions"}],"predecessor-version":[{"id":9048,"href":"https:\/\/landing.mutua-enginyers.com\/index.php\/wp-json\/wp\/v2\/pages\/1761\/revisions\/9048"}],"wp:attachment":[{"href":"https:\/\/landing.mutua-enginyers.com\/index.php\/wp-json\/wp\/v2\/media?parent=1761"}],"curies":[{"name":"wp","href":"https:\/\/api.w.org\/{rel}","templated":true}]}}