{"id":6799,"date":"2023-02-20T11:12:21","date_gmt":"2023-02-20T09:12:21","guid":{"rendered":"https:\/\/landing.mutua-enginyers.com\/?page_id=6799"},"modified":"2025-07-08T14:50:30","modified_gmt":"2025-07-08T12:50:30","slug":"bases-promocio-nado","status":"publish","type":"page","link":"https:\/\/landing.mutua-enginyers.com\/index.php\/bases-promocio-nado\/","title":{"rendered":"018-Bases Promo nad\u00f3"},"content":{"rendered":"\t\t<div data-elementor-type=\"wp-page\" data-elementor-id=\"6799\" class=\"elementor elementor-6799\" data-elementor-post-type=\"page\">\n\t\t\t\t\t\t<section class=\"elementor-section elementor-top-section elementor-element elementor-element-36fdae2 elementor-section-boxed elementor-section-height-default elementor-section-height-default\" data-id=\"36fdae2\" data-element_type=\"section\" data-e-type=\"section\" data-settings=\"{&quot;background_background&quot;:&quot;classic&quot;}\">\n\t\t\t\t\t\t<div class=\"elementor-container elementor-column-gap-default\">\n\t\t\t\t\t<div class=\"elementor-column elementor-col-33 elementor-top-column elementor-element elementor-element-a6531c6\" data-id=\"a6531c6\" data-element_type=\"column\" data-e-type=\"column\">\n\t\t\t<div class=\"elementor-widget-wrap elementor-element-populated\">\n\t\t\t\t\t\t<div class=\"elementor-element elementor-element-50b6b78 elementor-widget elementor-widget-image\" data-id=\"50b6b78\" data-element_type=\"widget\" data-e-type=\"widget\" data-widget_type=\"image.default\">\n\t\t\t\t<div class=\"elementor-widget-container\">\n\t\t\t\t\t\t\t\t\t\t\t\t\t\t\t<img decoding=\"async\" width=\"300\" height=\"150\" src=\"https:\/\/landing.mutua-enginyers.com\/wp-content\/uploads\/2024\/08\/01_Marca_Color-300x150.png\" class=\"attachment-medium size-medium wp-image-8922\" alt=\"\" srcset=\"https:\/\/landing.mutua-enginyers.com\/wp-content\/uploads\/2024\/08\/01_Marca_Color-300x150.png 300w, https:\/\/landing.mutua-enginyers.com\/wp-content\/uploads\/2024\/08\/01_Marca_Color-1024x512.png 1024w, https:\/\/landing.mutua-enginyers.com\/wp-content\/uploads\/2024\/08\/01_Marca_Color-768x384.png 768w, https:\/\/landing.mutua-enginyers.com\/wp-content\/uploads\/2024\/08\/01_Marca_Color-1536x768.png 1536w, https:\/\/landing.mutua-enginyers.com\/wp-content\/uploads\/2024\/08\/01_Marca_Color-1200x600.png 1200w, https:\/\/landing.mutua-enginyers.com\/wp-content\/uploads\/2024\/08\/01_Marca_Color-1980x990.png 1980w, https:\/\/landing.mutua-enginyers.com\/wp-content\/uploads\/2024\/08\/elementor\/thumbs\/01_Marca_Color-qryij3g9cn3s29bufyfspwt8npedokcdkxqkx41ln4.png 400w, https:\/\/landing.mutua-enginyers.com\/wp-content\/uploads\/2024\/08\/elementor\/thumbs\/01_Marca_Color-qryij3g6wxjhaucny7dx0uyiyvfbmxw4eu22n9m4mg.png 200w, https:\/\/landing.mutua-enginyers.com\/wp-content\/uploads\/2024\/08\/01_Marca_Color.png 2000w\" sizes=\"(max-width: 300px) 100vw, 300px\" \/>\t\t\t\t\t\t\t\t\t\t\t\t\t\t\t<\/div>\n\t\t\t\t<\/div>\n\t\t\t\t\t<\/div>\n\t\t<\/div>\n\t\t\t\t<div class=\"elementor-column elementor-col-33 elementor-top-column elementor-element elementor-element-4bbe3f7\" data-id=\"4bbe3f7\" data-element_type=\"column\" data-e-type=\"column\">\n\t\t\t<div class=\"elementor-widget-wrap\">\n\t\t\t\t\t\t\t<\/div>\n\t\t<\/div>\n\t\t\t\t<div class=\"elementor-column elementor-col-33 elementor-top-column elementor-element elementor-element-fe2afbc\" data-id=\"fe2afbc\" data-element_type=\"column\" data-e-type=\"column\">\n\t\t\t<div class=\"elementor-widget-wrap\">\n\t\t\t\t\t\t\t<\/div>\n\t\t<\/div>\n\t\t\t\t\t<\/div>\n\t\t<\/section>\n\t\t\t\t<section class=\"elementor-section elementor-top-section elementor-element elementor-element-852d14b elementor-section-boxed elementor-section-height-default elementor-section-height-default\" data-id=\"852d14b\" data-element_type=\"section\" data-e-type=\"section\" data-settings=\"{&quot;background_background&quot;:&quot;classic&quot;}\">\n\t\t\t\t\t\t<div class=\"elementor-container elementor-column-gap-default\">\n\t\t\t\t\t<div class=\"elementor-column elementor-col-100 elementor-top-column elementor-element elementor-element-d4d9a6e\" data-id=\"d4d9a6e\" data-element_type=\"column\" data-e-type=\"column\">\n\t\t\t<div class=\"elementor-widget-wrap elementor-element-populated\">\n\t\t\t\t\t\t<div class=\"elementor-element elementor-element-6601a86 elementor-widget elementor-widget-heading\" data-id=\"6601a86\" data-element_type=\"widget\" data-e-type=\"widget\" data-widget_type=\"heading.default\">\n\t\t\t\t<div class=\"elementor-widget-container\">\n\t\t\t\t\t<h1 class=\"elementor-heading-title elementor-size-default\">Bases de la promoci\u00f3<\/h1>\t\t\t\t<\/div>\n\t\t\t\t<\/div>\n\t\t\t\t\t<\/div>\n\t\t<\/div>\n\t\t\t\t\t<\/div>\n\t\t<\/section>\n\t\t\t\t<section class=\"elementor-section elementor-top-section elementor-element elementor-element-4f20489 elementor-section-boxed elementor-section-height-default elementor-section-height-default\" data-id=\"4f20489\" data-element_type=\"section\" data-e-type=\"section\" data-settings=\"{&quot;background_background&quot;:&quot;classic&quot;}\">\n\t\t\t\t\t\t<div class=\"elementor-container elementor-column-gap-default\">\n\t\t\t\t\t<div class=\"elementor-column elementor-col-100 elementor-top-column elementor-element elementor-element-b2a0fb3\" data-id=\"b2a0fb3\" data-element_type=\"column\" data-e-type=\"column\">\n\t\t\t<div class=\"elementor-widget-wrap elementor-element-populated\">\n\t\t\t\t\t\t<div class=\"elementor-element elementor-element-b944448 elementor-widget elementor-widget-text-editor\" data-id=\"b944448\" data-element_type=\"widget\" data-e-type=\"widget\" data-widget_type=\"text-editor.default\">\n\t\t\t\t<div class=\"elementor-widget-container\">\n\t\t\t\t\t\t\t\t\t<p><strong>1. Empresa Organitzadora<\/strong><\/p><p>L\u2019empresa organitzadora de l\u2019acci\u00f3 \u201cPRIMER ESTALVI NOUNATS\u201d (d\u2019ara endavant, \u201cl\u2019Acci\u00f3\u201d), que es regula mitjan\u00e7ant les presents bases (d\u2019ara endavant, \u201cBases\u201d), \u00e9s LA MUTUALITAT DELS ENGIYERS MPS, amb domicili a VIA LAIETANA 39, 2a planta, 08003 Barcelona (d\u2019ara endavant, LA M\u00daTUA).<\/p><p><strong>2. Per\u00edode de l&#8217;Acci\u00f3 i \u00e0mbit territorial<\/strong><\/p><p>La vig\u00e8ncia de l\u2019Acci\u00f3 \u201cPRIMER ESTALVI NOUNATS\u201d, i per tant del seu benefici per part dels participants, ser\u00e0 indefinida a partir de l\u20191 de febrer de 2023. LA M\u00daTUA es reserva el dret a modificar o cancel\u00b7lar, sense necessitat de justificaci\u00f3 i en qualsevol moment, les presents Bases i l\u2019Acci\u00f3.<\/p><p>L&#8217;Acci\u00f3 ser\u00e0 v\u00e0lida per a participants residents al territori espanyol.<\/p><p><strong>3. Benefici<\/strong><\/p><p>Aquesta Acci\u00f3 permetr\u00e0 als participants que compleixin els requisits beneficiar-se d\u2019una \u00fanica aportaci\u00f3 extraordin\u00e0ria de 50 \u20ac en el Wallet Inspirit, que \u00e9s una modalitat d\u2019estalvi inclosa en l\u2019asseguran\u00e7a de vida-estalvi del Pla d\u2019Estalvi Multinversi\u00f3 de La M\u00fatua dels Enginyers.<\/p><p><strong>4. Requisits per tenir dret al Benefici<\/strong><\/p><ul><li>Ser persona f\u00edsica de m\u00e0xim 12 mesos d\u2019edat (d\u2019ara endavant, Beneficiari).<\/li><li>Que qualsevol dels representants legals del menor subscrigui un Pla d\u2019Estalvi Multinversi\u00f3 en el que el menor sigui el prenedor\/a.<\/li><li>Que qualsevol dels representants legals del menor, o qualsevol altra persona amb consentiment dels representants legals, ordeni l\u2019inici d\u2019aportacions peri\u00f2diques en el Pla d\u2019Estalvi Multinversi\u00f3, de com a m\u00ednim 30 \u20ac mensuals (o import equivalent amb una freq\u00fc\u00e8ncia trimestral, semestral o anual) en qualsevol de les modalitats d\u2019estalvi o inversi\u00f3 disponibles i que acceptin aportacions peri\u00f2diques.<\/li><li>Mantenir les aportacions peri\u00f2diques un m\u00ednim de 12 mesos.<\/li><li>No realitzar rescats parcials ni totals del saldo del Pla d\u2019Estalvi Multinversi\u00f3 durant un per\u00edode de 12 mesos a comptar des de la primera aportaci\u00f3.<\/li><li>No haver estat beneficiari anteriorment d\u2019aquest Benefici.<\/li><\/ul><p><strong>5. Persona benefici\u00e0ria de l&#8217;Acci\u00f3<\/strong><\/p><p>La persona benefici\u00e0ria de l\u2019Acci\u00f3 \u00e9s la persona contractant\/prenedora del Pla d\u2019Estalvi Multinversi\u00f3 indicat en el punt 3, que compleixi els requisits indicats en el punt 4.<\/p><p><strong>6.Acc\u00e9s al Benefici<\/strong><\/p><p>El lliurament del Benefici per part de La M\u00fatua es realitzar\u00e0 en forma d\u2019una \u00fanica aportaci\u00f3 peri\u00f2dica de 50 \u20ac en la modalitat d\u2019estalvi Wallet Inspirit del Pla d\u2019Estalvi Multinversi\u00f3.<br \/>El Benefici en forma d\u2019aportaci\u00f3 extraordin\u00e0ria es realitzar\u00e0 en un termini m\u00e0xim de 30 dies a comptar des de la primera aportaci\u00f3 peri\u00f2dica rebuda en el Pla d\u2019Estalvi Multinversi\u00f3.<\/p><p><strong>7. Devoluci\u00f3 del Benefici<\/strong><\/p><p>En el cas de rescat parcial o total del Pla d\u2019Estalvi Multinversi\u00f3 abans dels 12 mesos de perman\u00e8ncia exigits en el punt 4, l&#8217;import del Benefici rebut ser\u00e0 descomptat de l&#8217;import net a cobrar resultant de la liquidaci\u00f3 del rescat.<\/p><p><strong>8. Acceptaci\u00f3 de les Bases<\/strong><\/p><p>Pel simple fet de participar en la present Acci\u00f3, s&#8217;accepten les seves Bases i el criteri de LA M\u00daTUA respecte a la resoluci\u00f3 de qualsevol q\u00fcesti\u00f3 no contemplada en aquestes.<\/p><p><strong>9. Publicitat de les Bases<\/strong><\/p><p>Les presents Bases de l\u2019Acci\u00f3 PRIMER ESTALVI NOUNATS es troben a disposici\u00f3 del p\u00fablic a la p\u00e0gina web: <a href=\"https:\/\/landing.mutua-enginyers.com\/index.php\/bases-legals-nado\/\">https:\/\/landing.mutua-enginyers.com\/index.php\/bases-legals-nado\/<\/a><\/p><p><strong>10. Tractament fiscal<\/strong><\/p><p>Aquesta promoci\u00f3 est\u00e0 subjecte a tributaci\u00f3 a l\u2019IRPF, com a rendiment capital mobiliari.<\/p>\t\t\t\t\t\t\t\t<\/div>\n\t\t\t\t<\/div>\n\t\t\t\t\t<\/div>\n\t\t<\/div>\n\t\t\t\t\t<\/div>\n\t\t<\/section>\n\t\t\t\t<section class=\"elementor-section elementor-top-section elementor-element elementor-element-5ca3db7 elementor-section-height-min-height elementor-section-content-middle elementor-section-boxed elementor-section-height-default elementor-section-items-middle\" data-id=\"5ca3db7\" data-element_type=\"section\" data-e-type=\"section\" data-settings=\"{&quot;background_background&quot;:&quot;classic&quot;}\">\n\t\t\t\t\t\t<div class=\"elementor-container elementor-column-gap-default\">\n\t\t\t\t\t<div class=\"elementor-column elementor-col-66 elementor-top-column elementor-element elementor-element-c8d6e42\" data-id=\"c8d6e42\" data-element_type=\"column\" data-e-type=\"column\">\n\t\t\t<div class=\"elementor-widget-wrap elementor-element-populated\">\n\t\t\t\t\t\t<div class=\"elementor-element elementor-element-26d3bf6 elementor-widget elementor-widget-text-editor\" data-id=\"26d3bf6\" data-element_type=\"widget\" data-e-type=\"widget\" data-widget_type=\"text-editor.default\">\n\t\t\t\t<div class=\"elementor-widget-container\">\n\t\t\t\t\t\t\t\t\t<p>Grup La M\u00fatua dels Enginyers &#8211; Via Laietana, 39 2n pis &#8211;\u00a0Tel\u00e8fon: 93 295 43 00 WhatsApp:\u00a0<span style=\"text-align: inherit;\">602 250 068<span style=\"font-family: var( --e-global-typography-text-font-family ), Oxygen;\"><span style=\"font-weight: var( --e-global-typography-text-font-weight ); letter-spacing: -0.015em;\">.\u00a0 <\/span><\/span><\/span><a style=\"font-size: inherit; text-align: inherit; font-family: var( --e-global-typography-text-font-family ), Oxygen; font-weight: var( --e-global-typography-text-font-weight ); letter-spacing: -0.015em; color: #ffffff;\" href=\"https:\/\/landing.mutua-enginyers.com\/index.php\/avis-legal\/\">Av\u00eds legal.<\/a><\/p>\t\t\t\t\t\t\t\t<\/div>\n\t\t\t\t<\/div>\n\t\t\t\t\t<\/div>\n\t\t<\/div>\n\t\t\t\t<div class=\"elementor-column elementor-col-33 elementor-top-column elementor-element elementor-element-1d9a25e\" data-id=\"1d9a25e\" data-element_type=\"column\" data-e-type=\"column\">\n\t\t\t<div class=\"elementor-widget-wrap elementor-element-populated\">\n\t\t\t\t\t\t<div class=\"elementor-element elementor-element-04f7487 e-grid-align-right e-grid-align-mobile-center elementor-shape-rounded elementor-grid-0 elementor-widget elementor-widget-social-icons\" data-id=\"04f7487\" data-element_type=\"widget\" data-e-type=\"widget\" data-widget_type=\"social-icons.default\">\n\t\t\t\t<div class=\"elementor-widget-container\">\n\t\t\t\t\t\t\t<div class=\"elementor-social-icons-wrapper elementor-grid\" role=\"list\">\n\t\t\t\t\t\t\t<span class=\"elementor-grid-item\" role=\"listitem\">\n\t\t\t\t\t<a class=\"elementor-icon elementor-social-icon elementor-social-icon-linkedin-in elementor-repeater-item-8c290c2\" href=\"https:\/\/www.linkedin.com\/company\/gruplamutuadelsenginyers\/\" target=\"_blank\" rel=\"noopener\">\n\t\t\t\t\t\t<span class=\"elementor-screen-only\">Linkedin-in<\/span>\n\t\t\t\t\t\t<i aria-hidden=\"true\" class=\"fab fa-linkedin-in\"><\/i>\t\t\t\t\t<\/a>\n\t\t\t\t<\/span>\n\t\t\t\t\t\t\t<span class=\"elementor-grid-item\" role=\"listitem\">\n\t\t\t\t\t<a class=\"elementor-icon elementor-social-icon elementor-social-icon-twitter elementor-repeater-item-3be6523\" href=\"https:\/\/twitter.com\/MutuaEnginyers\" target=\"_blank\" rel=\"noopener\">\n\t\t\t\t\t\t<span class=\"elementor-screen-only\">Twitter<\/span>\n\t\t\t\t\t\t<i aria-hidden=\"true\" class=\"fab fa-twitter\"><\/i>\t\t\t\t\t<\/a>\n\t\t\t\t<\/span>\n\t\t\t\t\t\t\t<span class=\"elementor-grid-item\" role=\"listitem\">\n\t\t\t\t\t<a class=\"elementor-icon elementor-social-icon elementor-social-icon-facebook-f elementor-repeater-item-993ef04\" href=\"https:\/\/www.facebook.com\/MutuaEnginyers\/\" target=\"_blank\" rel=\"noopener\">\n\t\t\t\t\t\t<span class=\"elementor-screen-only\">Facebook-f<\/span>\n\t\t\t\t\t\t<i aria-hidden=\"true\" class=\"fab fa-facebook-f\"><\/i>\t\t\t\t\t<\/a>\n\t\t\t\t<\/span>\n\t\t\t\t\t\t\t<span class=\"elementor-grid-item\" role=\"listitem\">\n\t\t\t\t\t<a class=\"elementor-icon elementor-social-icon elementor-social-icon-blog elementor-repeater-item-639a42a\" href=\"https:\/\/www.elblogdelaingenieria.com\/cat\/\" target=\"_blank\" rel=\"noopener\">\n\t\t\t\t\t\t<span class=\"elementor-screen-only\">Blog<\/span>\n\t\t\t\t\t\t<i aria-hidden=\"true\" class=\"fas fa-blog\"><\/i>\t\t\t\t\t<\/a>\n\t\t\t\t<\/span>\n\t\t\t\t\t<\/div>\n\t\t\t\t\t\t<\/div>\n\t\t\t\t<\/div>\n\t\t\t\t\t<\/div>\n\t\t<\/div>\n\t\t\t\t\t<\/div>\n\t\t<\/section>\n\t\t\t\t<\/div>\n\t\t","protected":false},"excerpt":{"rendered":"<p>Bases de la promoci\u00f3 1. Empresa Organitzadora L\u2019empresa organitzadora de l\u2019acci\u00f3 \u201cPRIMER ESTALVI NOUNATS\u201d (d\u2019ara endavant, \u201cl\u2019Acci\u00f3\u201d), que es regula mitjan\u00e7ant les presents bases (d\u2019ara endavant, \u201cBases\u201d), \u00e9s LA MUTUALITAT DELS ENGIYERS MPS, amb domicili a VIA LAIETANA 39, 2a planta, 08003 Barcelona (d\u2019ara endavant, LA M\u00daTUA). 2. Per\u00edode de l&#8217;Acci\u00f3 i \u00e0mbit territorial La [&hellip;]<\/p>\n","protected":false},"author":5,"featured_media":0,"parent":0,"menu_order":0,"comment_status":"closed","ping_status":"closed","template":"elementor_canvas","meta":{"_joinchat":[],"footnotes":""},"class_list":["post-6799","page","type-page","status-publish","hentry"],"_links":{"self":[{"href":"https:\/\/landing.mutua-enginyers.com\/index.php\/wp-json\/wp\/v2\/pages\/6799","targetHints":{"allow":["GET"]}}],"collection":[{"href":"https:\/\/landing.mutua-enginyers.com\/index.php\/wp-json\/wp\/v2\/pages"}],"about":[{"href":"https:\/\/landing.mutua-enginyers.com\/index.php\/wp-json\/wp\/v2\/types\/page"}],"author":[{"embeddable":true,"href":"https:\/\/landing.mutua-enginyers.com\/index.php\/wp-json\/wp\/v2\/users\/5"}],"replies":[{"embeddable":true,"href":"https:\/\/landing.mutua-enginyers.com\/index.php\/wp-json\/wp\/v2\/comments?post=6799"}],"version-history":[{"count":53,"href":"https:\/\/landing.mutua-enginyers.com\/index.php\/wp-json\/wp\/v2\/pages\/6799\/revisions"}],"predecessor-version":[{"id":9403,"href":"https:\/\/landing.mutua-enginyers.com\/index.php\/wp-json\/wp\/v2\/pages\/6799\/revisions\/9403"}],"wp:attachment":[{"href":"https:\/\/landing.mutua-enginyers.com\/index.php\/wp-json\/wp\/v2\/media?parent=6799"}],"curies":[{"name":"wp","href":"https:\/\/api.w.org\/{rel}","templated":true}]}}